{"id":5,"date":"2013-08-06T16:02:38","date_gmt":"2013-08-06T14:02:38","guid":{"rendered":"http:\/\/debian\/sonjasuss-kunstgalerie.de\/?page_id=5"},"modified":"2023-06-07T19:47:51","modified_gmt":"2023-06-07T17:47:51","slug":"meine-kunst","status":"publish","type":"page","link":"https:\/\/www.sonjasuss-kunstgalerie.de\/?page_id=5","title":{"rendered":"Vita"},"content":{"rendered":"\n<p><strong><u>2013<\/u><\/strong><\/p>\n\n\n\n<p>&#8211; 8.5.2013: Erste eigene Ausstellung in der Hypovereinsbank in Erfurt<\/p>\n\n\n\n<p>Thema: \u201eIn jedem grau steckt auch ein Regenbogen\u201c<\/p>\n\n\n\n<p>Laudatio: Thomas Stecher<\/p>\n\n\n\n<p>Musik: Steffan Fydrich mit Obertongesang<\/p>\n\n\n\n<p>&#8211; Aufnahme einiger Bilder zum Verkauf im Kunsthaus von Mario G\u00f6tting in M\u00fchlhausen<\/p>\n\n\n\n<p>&#8211; Teilnahme am 1. M\u00fchlh\u00e4user Kunstpreis mit Ausstellung im Museum in M\u00fchlhausen<\/p>\n\n\n\n<p>&#8211; 16.9.2013: Ausstellung im \u00c4rztezentrum in der Damaschkestra\u00dfe in M\u00fchlhausen<\/p>\n\n\n\n<p>&#8211; 15.9.2013: Ausstellung an der Jahrmarktsausstellung des Friedrich- Ludwig Jahn Gymnasium in Gro\u00dfengottern in der Kategorie \u201eEhemalige Sch\u00fcler\u201c<\/p>\n\n\n\n<p>&#8211; Thema: \u201eDie \u201eArt\u201c zu leben\u201c<\/p>\n\n\n\n<p>&#8211; Deutsch- indischer Schauspieler Prashant Prabahakar kauft ein Bild<\/p>\n\n\n\n<p>&#8211; Erscheinung meines ersten Kinderbuches \u201eWilma Hexe Hinkebein\u201c<\/p>\n\n\n\n<p>&#8211; Zeitungsartikel in der \u201eTh\u00fcringer Allgemeine\u201c mit dem Titel: \u201eGrundschullehrerin schreibt eigenes Buch und illustriert es\u201c<\/p>\n\n\n\n<p><strong><u>2014<\/u><\/strong><\/p>\n\n\n\n<p>&#8211; Leitung des Schulprojektes: \u201eJames Rizzi trifft \u00c4thiopien\u201c<\/p>\n\n\n\n<p>&#8211; Zeitungsartikel in der \u201eTh\u00fcringer Allgemeine\u201c mit dem Titel: \u201eBild aus der Ausstellung in M\u00fchlhausen geklaut\u201c<\/p>\n\n\n\n<p>&#8211; Gestaltung eigener Tassen mit Eulenmotiv im Rundumdruck zum Verkauf<\/p>\n\n\n\n<p>&#8211; Projekt und Malauftrag der Sambaband \u201eSamba Mente\u201c: Gestaltung eines Bildes, welches auf alle Trommeln in Form einer Folie geklebt wird<\/p>\n\n\n\n<p>&#8211;&nbsp; 9.7.2014: Ausstellung in der historischen Villa Theresa in M\u00fchlhausen<\/p>\n\n\n\n<p>Thema: \u201eFrisch! Bunt! Fr\u00f6hlich! Frei!\u201c<\/p>\n\n\n\n<p>Laudatio: Stefan Fydrich<\/p>\n\n\n\n<p>Musik: Sambaband \u201eSamba Mente\u201c, Steffan Fydrich mit Obertongesang, Klavierkonzert von Lena Gro\u00dfkurth<\/p>\n\n\n\n<p>Kooperation: Kunsthaus M\u00fchlhausen von Mario G\u00f6tting, Hartungs Catering- und Partyservice<\/p>\n\n\n\n<p>&#8211; Gestaltung einer Schulk\u00fcchenwand in der Grundschule in Wanfried<\/p>\n\n\n\n<p><strong><u>2016<\/u><\/strong><\/p>\n\n\n\n<p>&#8211; Projektentwicklung \u201eMeine Stadt kommt mit\u201c<\/p>\n\n\n\n<p>&#8211; Erscheinung der ersten M\u00fchlhausenbeutels \u201eMittelalterliche Reichsstadt\u201c<\/p>\n\n\n\n<p><strong><u>2017<\/u><\/strong><\/p>\n\n\n\n<p>&#8211; Entstehung der zweiten M\u00fchlhausenbildes \u201eFeste und Feiern\u201c<\/p>\n\n\n\n<p>&#8211; 15.12.2017: erste Gemeinschaftsausstellung im M\u00fchlh\u00e4user Hof in M\u00fchlhausen<\/p>\n\n\n\n<p>Thema: \u201eMas hup Arts\u201c<\/p>\n\n\n\n<p>Laudatio: Yvonne Neubeck- Aslan<\/p>\n\n\n\n<p>Musik: Jenny M\u00fclling am Klavier,<\/p>\n\n\n\n<p>K\u00fcnstler: Sonja Suss, Mario G\u00f6tting und Marc Ashfield<\/p>\n\n\n\n<p><strong><u>2018<\/u><\/strong><\/p>\n\n\n\n<p>&#8211; Erscheinung der n\u00e4chsten M\u00fchlhausenbilder (\u201eMythen und Sagen\u201c und \u201eIndustriegeschichte\u201c) zum Projekt \u201eMeine Stadt kommt mit\u201c<\/p>\n\n\n\n<p>&#8211; Zeitungsartikel in der Th\u00fcringer Allgemeinen mit dem Titel: \u201eM\u00fchlhausen auf Einkaufsbeuteln und Kaffeebechern\u201c<\/p>\n\n\n\n<p>&#8211; Entwicklung von Legenden zu den einzelnen M\u00fchlhausenbildern<\/p>\n\n\n\n<p><strong><u>2019<\/u><\/strong><\/p>\n\n\n\n<p>&#8211; Juni: Meines M\u00fchlhausen-Bilde erscheint auf Mehrweg- Tragetaschen in verschiedenen Apotheken in M\u00fchlhausen<\/p>\n\n\n\n<p>&#8211; 15.8.2019: Gemeinschaftsausstellung in der Divi Blasii Kirche in M\u00fchlhausen<\/p>\n\n\n\n<p>Thema: \u201eAnsichtssachen- M\u00fchlhausen im Blickwinkel von Kunst und Kultur\u201c<\/p>\n\n\n\n<p>Laudatio: Hans Gerd J\u00f6hring<\/p>\n\n\n\n<p>Ansprache: B\u00fcrgermeisterin Sill<\/p>\n\n\n\n<p>Musik: Peter Eberhardt mit Trompete, Julia Walter und Alexander Austen<\/p>\n\n\n\n<p>Szenisches Spiel: Thomas D\u00f6ring<\/p>\n\n\n\n<p>K\u00fcnstler: Sonja Suss, Mario G\u00f6tting, Yvonne Neubeck Aslan, Marc Ashfield, Yvonne Bauer, Michael Fiegle, Monika Wittig- Gangkofer, Cornelia Schmidt und Stefan Beehold<\/p>\n\n\n\n<p>&#8211; Auftrag: Bemalen eines Gipsabdruckes eines Babybauches<\/p>\n\n\n\n<p>&#8211; Ausstellung in Miami zur Artweek in Wynwood vom 2.12. bis 8.12.2019 \u00fcber Artboxprojects<\/p>\n\n\n\n<p>&#8211; Erscheinung meines ersten Kataloges (bei Amazon zu erwerben)<\/p>\n\n\n\n<p><strong><u>2020<\/u><\/strong><\/p>\n\n\n\n<p>&#8211; Januar: Gestaltung eines Tatoos und Tassen zum Thema M\u00fchlhausen (Silhouette von M\u00fchlhausen)<\/p>\n\n\n\n<p>&#8211; M\u00e4rz: Ausstellung in Barcelona \u00fcber ArtboxProjects<\/p>\n\n\n\n<p>&#8211; &nbsp;August: Teilnahme an der Ausstellung in der Schweiz im Hauptbahnhof in Z\u00fcrich \u00fcber Artboxprojects<\/p>\n\n\n\n<p>&#8211; Erscheinung meines Barcelonabildes auf Artsy (Kunstkatalog)<\/p>\n\n\n\n<p><strong><u>2021<\/u><\/strong><\/p>\n\n\n\n<p>&#8211; Teilnahme an der Worldausstellung in der Artbox Galerie in Z\u00fcrich<\/p>\n\n\n\n<p>&#8211; Erscheinung meines Ausstellungsbildes auf Artsy (Kunstkatalog)<\/p>\n\n\n\n<p>&#8211; Erstellung meiner ersten eigenen offiziellen Briefmarken<\/p>\n\n\n\n<p>&#8211; Initiierung und Mitgestaltung des M\u00fchlh\u00e4user Kunstprojektes \u201eKunst im Schaufenster\u201c<\/p>\n\n\n\n<p>&#8211; August: wiederholte Teilnahme an einer Ausstellung in der Schweiz im Hauptbahnhof in Z\u00fcrich \u00fcber Artboxprojects<\/p>\n\n\n\n<p>&#8211; Oktober: Teilnahme an einer Ausstellung in der Galerie \u201eKunst in der Fabrik\u201c in Ilmenau unter dem Thema:&nbsp; \u201eLa Femme &#8211; Die Frau im Bewusstsein des neuen Jahrtausends<\/p>\n\n\n\n<p><\/p>\n\n\n\n<p> <strong><u>2022<\/u><\/strong><\/p>\n\n\n\n<p>&#8211; Mai: Teilnahme an der Biennale Artbox Expo in Venedig<\/p>\n\n\n\n<p>&#8211; Juni: Aufnahme in das Jurorenteam der VR Bank Westth\u00fcringen f\u00fcr den Internationalen Jugendwettbewerb \u201eJugend kreativ\u201c<\/p>\n\n\n\n<p>&#8211; September: Beitritt Kunstverein \u201eKunst West Th\u00fcringer \u201e<\/p>\n\n\n\n<p>&#8211; Oktober: Teilnahme an Ausstellung in Palma de Mallorca \u00fcber Artboxprojects<\/p>\n\n\n\n<p>&#8211; Oktober: Teilnahme an Jahresausstellung des Kunstwestth\u00fcringer in der Dryburg Bad Langensalza<\/p>\n\n\n\n<p>&#8211; Oktober: Teilnahme Artweek in Wynwood Miami<br><\/p>\n\n\n\n<p><strong>2023<\/strong><\/p>\n\n\n\n<p>&#8211; April: Gemeinschaftsausstellung in New York \u00fcber Artboxprojects<\/p>\n\n\n\n<p><\/p>\n","protected":false},"excerpt":{"rendered":"<p>2013 &#8211; 8.5.2013: Erste eigene Ausstellung in der Hypovereinsbank in Erfurt Thema: \u201eIn jedem grau steckt auch ein Regenbogen\u201c Laudatio: Thomas Stecher Musik: Steffan Fydrich mit Obertongesang &#8211; Aufnahme einiger Bilder zum Verkauf im Kunsthaus von Mario G\u00f6tting in M\u00fchlhausen &#8211; Teilnahme am 1. M\u00fchlh\u00e4user Kunstpreis mit Ausstellung im Museum in M\u00fchlhausen &#8211; 16.9.2013: Ausstellung [&hellip;]<\/p>\n","protected":false},"author":1,"featured_media":0,"parent":0,"menu_order":20,"comment_status":"closed","ping_status":"closed","template":"","meta":{"ngg_post_thumbnail":0,"footnotes":""},"class_list":["post-5","page","type-page","status-publish","hentry"],"_links":{"self":[{"href":"https:\/\/www.sonjasuss-kunstgalerie.de\/index.php?rest_route=\/wp\/v2\/pages\/5","targetHints":{"allow":["GET"]}}],"collection":[{"href":"https:\/\/www.sonjasuss-kunstgalerie.de\/index.php?rest_route=\/wp\/v2\/pages"}],"about":[{"href":"https:\/\/www.sonjasuss-kunstgalerie.de\/index.php?rest_route=\/wp\/v2\/types\/page"}],"author":[{"embeddable":true,"href":"https:\/\/www.sonjasuss-kunstgalerie.de\/index.php?rest_route=\/wp\/v2\/users\/1"}],"replies":[{"embeddable":true,"href":"https:\/\/www.sonjasuss-kunstgalerie.de\/index.php?rest_route=%2Fwp%2Fv2%2Fcomments&post=5"}],"version-history":[{"count":22,"href":"https:\/\/www.sonjasuss-kunstgalerie.de\/index.php?rest_route=\/wp\/v2\/pages\/5\/revisions"}],"predecessor-version":[{"id":1010,"href":"https:\/\/www.sonjasuss-kunstgalerie.de\/index.php?rest_route=\/wp\/v2\/pages\/5\/revisions\/1010"}],"wp:attachment":[{"href":"https:\/\/www.sonjasuss-kunstgalerie.de\/index.php?rest_route=%2Fwp%2Fv2%2Fmedia&parent=5"}],"curies":[{"name":"wp","href":"https:\/\/api.w.org\/{rel}","templated":true}]}}